{"id":1619,"date":"2023-11-14T16:45:42","date_gmt":"2023-11-14T16:45:42","guid":{"rendered":"https:\/\/moumen.net\/najaroglu\/contact\/"},"modified":"2023-12-28T01:04:27","modified_gmt":"2023-12-28T01:04:27","slug":"contact","status":"publish","type":"page","link":"https:\/\/najaroglu.com\/tr\/contact\/","title":{"rendered":"ileti\u015fim"},"content":{"rendered":"\t\t<div data-elementor-type=\"wp-page\" data-elementor-id=\"1619\" class=\"elementor elementor-1619 elementor-801\" data-elementor-post-type=\"page\">\n\t\t\t\t\t\t<section class=\"elementor-section elementor-top-section elementor-element elementor-element-6634769 elementor-section-height-min-height elementor-section-stretched elementor-section-boxed elementor-section-height-default elementor-section-items-middle\" data-id=\"6634769\" data-element_type=\"section\" data-settings=\"{&quot;background_background&quot;:&quot;classic&quot;,&quot;stretch_section&quot;:&quot;section-stretched&quot;}\">\n\t\t\t\t\t\t<div class=\"elementor-container elementor-column-gap-default\">\n\t\t\t\t\t<div class=\"aux-parallax-section elementor-column elementor-col-100 elementor-top-column elementor-element elementor-element-aeff5e0\" data-id=\"aeff5e0\" data-element_type=\"column\" data-settings=\"{&quot;background_background&quot;:&quot;classic&quot;}\">\n\t\t\t<div class=\"elementor-widget-wrap elementor-element-populated\">\n\t\t\t\t\t\t<div class=\"elementor-element elementor-element-6175215 aux-appear-watch-animation aux-mask-from-left elementor-widget elementor-widget-aux_modern_heading\" data-id=\"6175215\" data-element_type=\"widget\" data-widget_type=\"aux_modern_heading.default\">\n\t\t\t\t<div class=\"elementor-widget-container\">\n\t\t\t\t\t<section class=\"aux-widget-modern-heading\">\n            <div class=\"aux-widget-inner\"><h1 class=\"aux-modern-heading-primary\">\nIleti\u015fim<\/h1><\/div>\n        <\/section>\t\t\t\t<\/div>\n\t\t\t\t<\/div>\n\t\t\t\t<div class=\"elementor-element elementor-element-314d0c3 elementor-widget elementor-widget-aux_breadcrumbs\" data-id=\"314d0c3\" data-element_type=\"widget\" data-widget_type=\"aux_breadcrumbs.default\">\n\t\t\t\t<div class=\"elementor-widget-container\">\n\t\t\t\t\t<div class=\"aux-elementor-breadcrumbs\"><p class=\"aux-breadcrumbs\"><span><span><a href=\"https:\/\/najaroglu.com\/tr\/\">Home<\/a><\/span><\/span><\/p><\/div>\t\t\t\t<\/div>\n\t\t\t\t<\/div>\n\t\t\t\t\t<\/div>\n\t\t<\/div>\n\t\t\t\t\t<\/div>\n\t\t<\/section>\n\t\t\t\t<section class=\"elementor-section elementor-top-section elementor-element elementor-element-75f9dcf elementor-section-content-middle elementor-section-boxed elementor-section-height-default elementor-section-height-default\" data-id=\"75f9dcf\" data-element_type=\"section\">\n\t\t\t\t\t\t<div class=\"elementor-container elementor-column-gap-default\">\n\t\t\t\t\t<div class=\"aux-parallax-section elementor-column elementor-col-50 elementor-top-column elementor-element elementor-element-0110380\" data-id=\"0110380\" data-element_type=\"column\">\n\t\t\t<div class=\"elementor-widget-wrap elementor-element-populated\">\n\t\t\t\t\t\t<div class=\"elementor-element elementor-element-48a1f27 aux-appear-watch-animation aux-fade-in-left-1 elementor-invisible elementor-widget elementor-widget-aux_modern_heading\" data-id=\"48a1f27\" data-element_type=\"widget\" data-settings=\"{&quot;_animation&quot;:&quot;fadeIn&quot;}\" data-widget_type=\"aux_modern_heading.default\">\n\t\t\t\t<div class=\"elementor-widget-container\">\n\t\t\t\t\t<section class=\"aux-widget-modern-heading\">\n            <div class=\"aux-widget-inner\"><h2 class=\"aux-modern-heading-primary\">Bize Ula\u015f\u0131n\n<\/h2><div class=\"aux-modern-heading-divider\"><\/div><\/div>\n        <\/section>\t\t\t\t<\/div>\n\t\t\t\t<\/div>\n\t\t\t\t<div class=\"elementor-element elementor-element-85b2c59 aux-appear-watch-animation aux-fade-in elementor-invisible elementor-widget elementor-widget-text-editor\" data-id=\"85b2c59\" data-element_type=\"widget\" data-settings=\"{&quot;_animation&quot;:&quot;fadeIn&quot;}\" data-widget_type=\"text-editor.default\">\n\t\t\t\t<div class=\"elementor-widget-container\">\n\t\t\t\t\t\t\t\t\t<p>\u00c7ekinmeyin ve bizimle ileti\u015fime ge\u00e7in, bask\u0131 ve dizgi end\u00fcstrisinin sahte metnidir<\/p>\t\t\t\t\t\t\t\t<\/div>\n\t\t\t\t<\/div>\n\t\t\t\t<div class=\"elementor-element elementor-element-d219dc3 aux-appear-watch-animation aux-fade-in-left-1 elementor-widget__width-initial elementor-invisible elementor-widget elementor-widget-aux_contact_form\" data-id=\"d219dc3\" data-element_type=\"widget\" data-settings=\"{&quot;_animation&quot;:&quot;fadeIn&quot;}\" data-widget_type=\"aux_contact_form.default\">\n\t\t\t\t<div class=\"elementor-widget-container\">\n\t\t\t\t\t<section class=\"widget-container aux-widget-contact-form aux-parent-aubb4dc1e5\">            <div class=\"aux-col-wrapper aux-no-gutter\">\n            <!-- @TODO - The output for element here -->\n\n            \n<div class=\"wpcf7 no-js\" id=\"wpcf7-f1829-o1\" lang=\"tr-TR\" dir=\"ltr\" data-wpcf7-id=\"1829\">\n<div class=\"screen-reader-response\"><p role=\"status\" aria-live=\"polite\" aria-atomic=\"true\"><\/p> <ul><\/ul><\/div>\n<form action=\"\/tr\/wp-json\/wp\/v2\/pages\/1619#wpcf7-f1829-o1\" method=\"post\" class=\"wpcf7-form init\" aria-label=\"\u0130leti\u015fim Formu\" novalidate=\"novalidate\" data-status=\"init\">\n<div style=\"display: none;\">\n<input type=\"hidden\" name=\"_wpcf7\" value=\"1829\" \/>\n<input type=\"hidden\" name=\"_wpcf7_version\" value=\"6.0.6\" \/>\n<input type=\"hidden\" name=\"_wpcf7_locale\" value=\"tr_TR\" \/>\n<input type=\"hidden\" name=\"_wpcf7_unit_tag\" value=\"wpcf7-f1829-o1\" \/>\n<input type=\"hidden\" name=\"_wpcf7_container_post\" value=\"0\" \/>\n<input type=\"hidden\" name=\"_wpcf7_posted_data_hash\" value=\"\" \/>\n<\/div>\n<p><span class=\"wpcf7-form-control-wrap\" data-name=\"aux-cleaning-email\"><input size=\"40\" maxlength=\"400\" class=\"wpcf7-form-control wpcf7-email wpcf7-validates-as-required wpcf7-text wpcf7-validates-as-email aux-cleaning-mail-field\" aria-required=\"true\" aria-invalid=\"false\" placeholder=\"Your E-mail\" value=\"\" type=\"email\" name=\"aux-cleaning-email\" \/><\/span><span class=\"wpcf7-form-control-wrap\" data-name=\"aux-cleaning-phone\"><input size=\"40\" maxlength=\"400\" class=\"wpcf7-form-control wpcf7-tel wpcf7-text wpcf7-validates-as-tel aux-cleaning-phone-field\" aria-invalid=\"false\" placeholder=\"Phone number\" value=\"\" type=\"tel\" name=\"aux-cleaning-phone\" \/><\/span><br \/>\n<span class=\"wpcf7-form-control-wrap\" data-name=\"aux-cleaning-text-area\"><textarea cols=\"40\" rows=\"10\" maxlength=\"2000\" class=\"wpcf7-form-control wpcf7-textarea aux-cleaning-text-message\" aria-invalid=\"false\" placeholder=\"Your Message Here\" name=\"aux-cleaning-text-area\"><\/textarea><\/span><br \/>\n<input class=\"wpcf7-form-control wpcf7-submit has-spinner aux-cleaning-submit-button\" type=\"submit\" value=\"Submit\" \/>\n<\/p><div class=\"wpcf7-response-output\" aria-hidden=\"true\"><\/div>\n<\/form>\n<\/div>\n\n\n            <\/div><!-- aux-col-wrapper -->\n    <\/section><!-- widget-container -->\t\t\t\t<\/div>\n\t\t\t\t<\/div>\n\t\t\t\t\t<\/div>\n\t\t<\/div>\n\t\t\t\t<div class=\"aux-parallax-section elementor-column elementor-col-50 elementor-top-column elementor-element elementor-element-7d81fe5\" data-id=\"7d81fe5\" data-element_type=\"column\">\n\t\t\t<div class=\"elementor-widget-wrap elementor-element-populated\">\n\t\t\t\t\t\t<div class=\"elementor-element elementor-element-079b655 aux-appear-watch-animation aux-fade-in-right-1 elementor-invisible elementor-widget elementor-widget-google_maps\" data-id=\"079b655\" data-element_type=\"widget\" data-settings=\"{&quot;_animation&quot;:&quot;fadeIn&quot;}\" data-widget_type=\"google_maps.default\">\n\t\t\t\t<div class=\"elementor-widget-container\">\n\t\t\t\t\t\t\t<div class=\"elementor-custom-embed\">\n\t\t\t<iframe loading=\"lazy\"\n\t\t\t\t\tsrc=\"https:\/\/maps.google.com\/maps?q=%20Nizip%20Sanayi%20Sitesi%2CNizip%2CGaziantep%2C%20Turkiye&#038;t=m&#038;z=11&#038;output=embed&#038;iwloc=near\"\n\t\t\t\t\ttitle=\" Nizip Sanayi Sitesi,Nizip,Gaziantep, Turkiye\"\n\t\t\t\t\taria-label=\" Nizip Sanayi Sitesi,Nizip,Gaziantep, Turkiye\"\n\t\t\t><\/iframe>\n\t\t<\/div>\n\t\t\t\t\t\t<\/div>\n\t\t\t\t<\/div>\n\t\t\t\t\t<\/div>\n\t\t<\/div>\n\t\t\t\t\t<\/div>\n\t\t<\/section>\n\t\t\t\t<section class=\"elementor-section elementor-top-section elementor-element elementor-element-1834701 elementor-section-boxed elementor-section-height-default elementor-section-height-default\" data-id=\"1834701\" data-element_type=\"section\">\n\t\t\t\t\t\t<div class=\"elementor-container elementor-column-gap-default\">\n\t\t\t\t\t<div class=\"aux-parallax-section elementor-column elementor-col-33 elementor-top-column elementor-element elementor-element-ee8d95b\" data-id=\"ee8d95b\" data-element_type=\"column\">\n\t\t\t<div class=\"elementor-widget-wrap elementor-element-populated\">\n\t\t\t\t\t\t<section class=\"elementor-section elementor-inner-section elementor-element elementor-element-5b4f175 aux-appear-watch-animation aux-fade-in-up-1 location-holder elementor-section-boxed elementor-section-height-default elementor-section-height-default\" data-id=\"5b4f175\" data-element_type=\"section\" data-settings=\"{&quot;background_background&quot;:&quot;classic&quot;}\">\n\t\t\t\t\t\t<div class=\"elementor-container elementor-column-gap-default\">\n\t\t\t\t\t<div class=\"aux-parallax-section elementor-column elementor-col-50 elementor-inner-column elementor-element elementor-element-0886457\" data-id=\"0886457\" data-element_type=\"column\">\n\t\t\t<div class=\"elementor-widget-wrap elementor-element-populated\">\n\t\t\t\t\t\t<div class=\"elementor-element elementor-element-636d566 elementor-widget__width-auto elementor-widget elementor-widget-aux_image\" data-id=\"636d566\" data-element_type=\"widget\" data-widget_type=\"aux_image.default\">\n\t\t\t\t<div class=\"elementor-widget-container\">\n\t\t\t\t\t<section class=\"widget-container aux-widget-image aux-alignnone aux-parent-au9be30ee6\">\n    <div class=\"aux-media-hint-frame \">\n        <div class=\"aux-media-image \" >\n        \n            \n\n            \n            <img decoding=\"async\" width=\"33\" height=\"50\" src=\"https:\/\/najaroglu.com\/wp-content\/uploads\/2023\/11\/placeholder.svg\" class=\"aux-attachment aux-featured-image aux-attachment-id-520\" alt=\"placeholder\" data-ratio=\"0.66\" data-original-w=\"33\" \/>            \n                <\/div>\n    <\/div>\n\n<\/section><!-- widget-container -->\t\t\t\t<\/div>\n\t\t\t\t<\/div>\n\t\t\t\t\t<\/div>\n\t\t<\/div>\n\t\t\t\t<div class=\"aux-parallax-section elementor-column elementor-col-50 elementor-inner-column elementor-element elementor-element-c5dd415\" data-id=\"c5dd415\" data-element_type=\"column\">\n\t\t\t<div class=\"elementor-widget-wrap elementor-element-populated\">\n\t\t\t\t\t\t<div class=\"elementor-element elementor-element-1159736 location-text elementor-widget elementor-widget-aux_modern_heading\" data-id=\"1159736\" data-element_type=\"widget\" data-widget_type=\"aux_modern_heading.default\">\n\t\t\t\t<div class=\"elementor-widget-container\">\n\t\t\t\t\t<section class=\"aux-widget-modern-heading\">\n            <div class=\"aux-widget-inner\"><h2 class=\"aux-modern-heading-primary\">Ofisimizde bulu\u015fal\u0131m :\n<\/h2><div class=\"aux-modern-heading-description\"><p>Nizip - Gaziantep - Turkey<\/p><\/div><\/div>\n        <\/section>\t\t\t\t<\/div>\n\t\t\t\t<\/div>\n\t\t\t\t\t<\/div>\n\t\t<\/div>\n\t\t\t\t\t<\/div>\n\t\t<\/section>\n\t\t\t\t\t<\/div>\n\t\t<\/div>\n\t\t\t\t<div class=\"aux-parallax-section elementor-column elementor-col-33 elementor-top-column elementor-element elementor-element-28a0fbf\" data-id=\"28a0fbf\" data-element_type=\"column\">\n\t\t\t<div class=\"elementor-widget-wrap elementor-element-populated\">\n\t\t\t\t\t\t<section class=\"elementor-section elementor-inner-section elementor-element elementor-element-c2f247f aux-appear-watch-animation aux-scale-up-1 location-holder elementor-section-boxed elementor-section-height-default elementor-section-height-default\" data-id=\"c2f247f\" data-element_type=\"section\" data-settings=\"{&quot;background_background&quot;:&quot;classic&quot;}\">\n\t\t\t\t\t\t<div class=\"elementor-container elementor-column-gap-default\">\n\t\t\t\t\t<div class=\"aux-parallax-section elementor-column elementor-col-50 elementor-inner-column elementor-element elementor-element-dda9b56\" data-id=\"dda9b56\" data-element_type=\"column\">\n\t\t\t<div class=\"elementor-widget-wrap elementor-element-populated\">\n\t\t\t\t\t\t<div class=\"elementor-element elementor-element-65c5cb9 elementor-widget__width-auto elementor-widget elementor-widget-aux_image\" data-id=\"65c5cb9\" data-element_type=\"widget\" data-widget_type=\"aux_image.default\">\n\t\t\t\t<div class=\"elementor-widget-container\">\n\t\t\t\t\t<section class=\"widget-container aux-widget-image aux-alignnone aux-parent-au6fcb68e9\">\n    <div class=\"aux-media-hint-frame \">\n        <div class=\"aux-media-image \" >\n        \n            \n\n            \n            <img decoding=\"async\" width=\"49\" height=\"29\" src=\"https:\/\/najaroglu.com\/wp-content\/uploads\/2023\/11\/send.svg\" class=\"aux-attachment aux-featured-image aux-attachment-id-521\" alt=\"send\" data-ratio=\"1.69\" data-original-w=\"49\" \/>            \n                <\/div>\n    <\/div>\n\n<\/section><!-- widget-container -->\t\t\t\t<\/div>\n\t\t\t\t<\/div>\n\t\t\t\t\t<\/div>\n\t\t<\/div>\n\t\t\t\t<div class=\"aux-parallax-section elementor-column elementor-col-50 elementor-inner-column elementor-element elementor-element-2954292\" data-id=\"2954292\" data-element_type=\"column\">\n\t\t\t<div class=\"elementor-widget-wrap elementor-element-populated\">\n\t\t\t\t\t\t<div class=\"elementor-element elementor-element-85633d9 location-text elementor-widget elementor-widget-aux_modern_heading\" data-id=\"85633d9\" data-element_type=\"widget\" data-widget_type=\"aux_modern_heading.default\">\n\t\t\t\t<div class=\"elementor-widget-container\">\n\t\t\t\t\t<section class=\"aux-widget-modern-heading\">\n            <div class=\"aux-widget-inner\"><h2 class=\"aux-modern-heading-primary\">E-Posta Adresimiz:\n<\/h2><div class=\"aux-modern-heading-description\"><p>info@najaroglu.com<\/p><\/div><\/div>\n        <\/section>\t\t\t\t<\/div>\n\t\t\t\t<\/div>\n\t\t\t\t\t<\/div>\n\t\t<\/div>\n\t\t\t\t\t<\/div>\n\t\t<\/section>\n\t\t\t\t\t<\/div>\n\t\t<\/div>\n\t\t\t\t<div class=\"aux-parallax-section elementor-column elementor-col-33 elementor-top-column elementor-element elementor-element-1406757\" data-id=\"1406757\" data-element_type=\"column\">\n\t\t\t<div class=\"elementor-widget-wrap elementor-element-populated\">\n\t\t\t\t\t\t<section class=\"elementor-section elementor-inner-section elementor-element elementor-element-27dc156 aux-appear-watch-animation aux-fade-in-down-1 location-holder elementor-section-boxed elementor-section-height-default elementor-section-height-default\" data-id=\"27dc156\" data-element_type=\"section\" data-settings=\"{&quot;background_background&quot;:&quot;classic&quot;}\">\n\t\t\t\t\t\t<div class=\"elementor-container elementor-column-gap-default\">\n\t\t\t\t\t<div class=\"aux-parallax-section elementor-column elementor-col-50 elementor-inner-column elementor-element elementor-element-c3aa27e\" data-id=\"c3aa27e\" data-element_type=\"column\">\n\t\t\t<div class=\"elementor-widget-wrap elementor-element-populated\">\n\t\t\t\t\t\t<div class=\"elementor-element elementor-element-82786ec elementor-widget__width-auto elementor-widget elementor-widget-aux_image\" data-id=\"82786ec\" data-element_type=\"widget\" data-widget_type=\"aux_image.default\">\n\t\t\t\t<div class=\"elementor-widget-container\">\n\t\t\t\t\t<section class=\"widget-container aux-widget-image aux-alignnone aux-parent-au1c2cf509\">\n    <div class=\"aux-media-hint-frame \">\n        <div class=\"aux-media-image \" >\n        \n            \n\n            \n            <img decoding=\"async\" width=\"27\" height=\"49\" src=\"https:\/\/najaroglu.com\/wp-content\/uploads\/2023\/11\/iphone.svg\" class=\"aux-attachment aux-featured-image aux-attachment-id-522\" alt=\"iphone\" data-ratio=\"0.55\" data-original-w=\"27\" \/>            \n                <\/div>\n    <\/div>\n\n<\/section><!-- widget-container -->\t\t\t\t<\/div>\n\t\t\t\t<\/div>\n\t\t\t\t\t<\/div>\n\t\t<\/div>\n\t\t\t\t<div class=\"aux-parallax-section elementor-column elementor-col-50 elementor-inner-column elementor-element elementor-element-dcc62d3\" data-id=\"dcc62d3\" data-element_type=\"column\">\n\t\t\t<div class=\"elementor-widget-wrap elementor-element-populated\">\n\t\t\t\t\t\t<div class=\"elementor-element elementor-element-4efa242 elementor-widget__width-initial location-text elementor-widget elementor-widget-aux_modern_heading\" data-id=\"4efa242\" data-element_type=\"widget\" data-widget_type=\"aux_modern_heading.default\">\n\t\t\t\t<div class=\"elementor-widget-container\">\n\t\t\t\t\t<section class=\"aux-widget-modern-heading\">\n            <div class=\"aux-widget-inner\"><h2 class=\"aux-modern-heading-primary\">\u0130leti\u015fim numaralar\u0131 :\n<\/h2><div class=\"aux-modern-heading-description\">+ 90 (553) 936 10 00\n<\/div><\/div>\n        <\/section>\t\t\t\t<\/div>\n\t\t\t\t<\/div>\n\t\t\t\t\t<\/div>\n\t\t<\/div>\n\t\t\t\t\t<\/div>\n\t\t<\/section>\n\t\t\t\t\t<\/div>\n\t\t<\/div>\n\t\t\t\t\t<\/div>\n\t\t<\/section>\n\t\t\t\t<\/div>\n\t\t","protected":false},"excerpt":{"rendered":"<p>Ileti\u015fim Home Bize Ula\u015f\u0131n \u00c7ekinmeyin ve bizimle ileti\u015fime ge\u00e7in, bask\u0131 ve dizgi end\u00fcstrisinin sahte metnidir Ofisimizde bulu\u015fal\u0131m : Nizip &#8211; Gaziantep &#8211; Turkey E-Posta Adresimiz: info@najaroglu.com \u0130leti\u015fim numaralar\u0131 : + 90 (553) 936 10 00<\/p>\n","protected":false},"author":1,"featured_media":0,"parent":0,"menu_order":0,"comment_status":"closed","ping_status":"closed","template":"templates\/page-builder-content.php","meta":{"footnotes":""},"class_list":["post-1619","page","type-page","status-publish","hentry"],"yoast_head":"<!-- This site is optimized with the Yoast SEO plugin v24.9 - https:\/\/yoast.com\/wordpress\/plugins\/seo\/ -->\n<title>ileti\u015fim - najaroglu<\/title>\n<meta name=\"robots\" content=\"index, follow, max-snippet:-1, max-image-preview:large, max-video-preview:-1\" \/>\n<link rel=\"canonical\" href=\"https:\/\/najaroglu.com\/tr\/contact\/\" \/>\n<meta property=\"og:locale\" content=\"tr_TR\" \/>\n<meta property=\"og:type\" content=\"article\" \/>\n<meta property=\"og:title\" content=\"ileti\u015fim - najaroglu\" \/>\n<meta property=\"og:description\" content=\"Ileti\u015fim Home Bize Ula\u015f\u0131n \u00c7ekinmeyin ve bizimle ileti\u015fime ge\u00e7in, bask\u0131 ve dizgi end\u00fcstrisinin sahte metnidir Ofisimizde bulu\u015fal\u0131m : Nizip &#8211; Gaziantep &#8211; Turkey E-Posta Adresimiz: info@najaroglu.com \u0130leti\u015fim numaralar\u0131 : + 90 (553) 936 10 00\" \/>\n<meta property=\"og:url\" content=\"https:\/\/najaroglu.com\/tr\/contact\/\" \/>\n<meta property=\"og:site_name\" content=\"najaroglu\" \/>\n<meta property=\"article:publisher\" content=\"https:\/\/www.facebook.com\/najaroglu.k\" \/>\n<meta property=\"article:modified_time\" content=\"2023-12-28T01:04:27+00:00\" \/>\n<meta property=\"og:image\" content=\"http:\/\/najaroglu.com\/wp-content\/uploads\/2023\/11\/placeholder.svg\" \/>\n<meta name=\"twitter:card\" content=\"summary_large_image\" \/>\n<script type=\"application\/ld+json\" class=\"yoast-schema-graph\">{\"@context\":\"https:\/\/schema.org\",\"@graph\":[{\"@type\":\"WebPage\",\"@id\":\"https:\/\/najaroglu.com\/tr\/contact\/\",\"url\":\"https:\/\/najaroglu.com\/tr\/contact\/\",\"name\":\"ileti\u015fim - najaroglu\",\"isPartOf\":{\"@id\":\"https:\/\/najaroglu.com\/#website\"},\"primaryImageOfPage\":{\"@id\":\"https:\/\/najaroglu.com\/tr\/contact\/#primaryimage\"},\"image\":{\"@id\":\"https:\/\/najaroglu.com\/tr\/contact\/#primaryimage\"},\"thumbnailUrl\":\"http:\/\/najaroglu.com\/wp-content\/uploads\/2023\/11\/placeholder.svg\",\"datePublished\":\"2023-11-14T16:45:42+00:00\",\"dateModified\":\"2023-12-28T01:04:27+00:00\",\"breadcrumb\":{\"@id\":\"https:\/\/najaroglu.com\/tr\/contact\/#breadcrumb\"},\"inLanguage\":\"tr\",\"potentialAction\":[{\"@type\":\"ReadAction\",\"target\":[\"https:\/\/najaroglu.com\/tr\/contact\/\"]}]},{\"@type\":\"ImageObject\",\"inLanguage\":\"tr\",\"@id\":\"https:\/\/najaroglu.com\/tr\/contact\/#primaryimage\",\"url\":\"http:\/\/najaroglu.com\/wp-content\/uploads\/2023\/11\/placeholder.svg\",\"contentUrl\":\"http:\/\/najaroglu.com\/wp-content\/uploads\/2023\/11\/placeholder.svg\"},{\"@type\":\"BreadcrumbList\",\"@id\":\"https:\/\/najaroglu.com\/tr\/contact\/#breadcrumb\",\"itemListElement\":[{\"@type\":\"ListItem\",\"position\":1,\"name\":\"Home\",\"item\":\"https:\/\/najaroglu.com\/tr\/\"},{\"@type\":\"ListItem\",\"position\":2,\"name\":\"ileti\u015fim\"}]},{\"@type\":\"WebSite\",\"@id\":\"https:\/\/najaroglu.com\/#website\",\"url\":\"https:\/\/najaroglu.com\/\",\"name\":\"Najaroglu\",\"description\":\"najaroglu\",\"publisher\":{\"@id\":\"https:\/\/najaroglu.com\/#organization\"},\"potentialAction\":[{\"@type\":\"SearchAction\",\"target\":{\"@type\":\"EntryPoint\",\"urlTemplate\":\"https:\/\/najaroglu.com\/?s={search_term_string}\"},\"query-input\":{\"@type\":\"PropertyValueSpecification\",\"valueRequired\":true,\"valueName\":\"search_term_string\"}}],\"inLanguage\":\"tr\"},{\"@type\":\"Organization\",\"@id\":\"https:\/\/najaroglu.com\/#organization\",\"name\":\"Najaroglu\",\"url\":\"https:\/\/najaroglu.com\/\",\"logo\":{\"@type\":\"ImageObject\",\"inLanguage\":\"tr\",\"@id\":\"https:\/\/najaroglu.com\/#\/schema\/logo\/image\/\",\"url\":\"https:\/\/najaroglu.com\/wp-content\/uploads\/2023\/11\/najar-logo.svg\",\"contentUrl\":\"https:\/\/najaroglu.com\/wp-content\/uploads\/2023\/11\/najar-logo.svg\",\"width\":200,\"height\":80,\"caption\":\"Najaroglu\"},\"image\":{\"@id\":\"https:\/\/najaroglu.com\/#\/schema\/logo\/image\/\"},\"sameAs\":[\"https:\/\/www.facebook.com\/najaroglu.k\",\"https:\/\/www.instagram.com\/najaroglu.k\/\"]}]}<\/script>\n<!-- \/ Yoast SEO plugin. -->","yoast_head_json":{"title":"ileti\u015fim - najaroglu","robots":{"index":"index","follow":"follow","max-snippet":"max-snippet:-1","max-image-preview":"max-image-preview:large","max-video-preview":"max-video-preview:-1"},"canonical":"https:\/\/najaroglu.com\/tr\/contact\/","og_locale":"tr_TR","og_type":"article","og_title":"ileti\u015fim - najaroglu","og_description":"Ileti\u015fim Home Bize Ula\u015f\u0131n \u00c7ekinmeyin ve bizimle ileti\u015fime ge\u00e7in, bask\u0131 ve dizgi end\u00fcstrisinin sahte metnidir Ofisimizde bulu\u015fal\u0131m : Nizip &#8211; Gaziantep &#8211; Turkey E-Posta Adresimiz: info@najaroglu.com \u0130leti\u015fim numaralar\u0131 : + 90 (553) 936 10 00","og_url":"https:\/\/najaroglu.com\/tr\/contact\/","og_site_name":"najaroglu","article_publisher":"https:\/\/www.facebook.com\/najaroglu.k","article_modified_time":"2023-12-28T01:04:27+00:00","og_image":[{"url":"http:\/\/najaroglu.com\/wp-content\/uploads\/2023\/11\/placeholder.svg","type":"","width":"","height":""}],"twitter_card":"summary_large_image","schema":{"@context":"https:\/\/schema.org","@graph":[{"@type":"WebPage","@id":"https:\/\/najaroglu.com\/tr\/contact\/","url":"https:\/\/najaroglu.com\/tr\/contact\/","name":"ileti\u015fim - najaroglu","isPartOf":{"@id":"https:\/\/najaroglu.com\/#website"},"primaryImageOfPage":{"@id":"https:\/\/najaroglu.com\/tr\/contact\/#primaryimage"},"image":{"@id":"https:\/\/najaroglu.com\/tr\/contact\/#primaryimage"},"thumbnailUrl":"http:\/\/najaroglu.com\/wp-content\/uploads\/2023\/11\/placeholder.svg","datePublished":"2023-11-14T16:45:42+00:00","dateModified":"2023-12-28T01:04:27+00:00","breadcrumb":{"@id":"https:\/\/najaroglu.com\/tr\/contact\/#breadcrumb"},"inLanguage":"tr","potentialAction":[{"@type":"ReadAction","target":["https:\/\/najaroglu.com\/tr\/contact\/"]}]},{"@type":"ImageObject","inLanguage":"tr","@id":"https:\/\/najaroglu.com\/tr\/contact\/#primaryimage","url":"http:\/\/najaroglu.com\/wp-content\/uploads\/2023\/11\/placeholder.svg","contentUrl":"http:\/\/najaroglu.com\/wp-content\/uploads\/2023\/11\/placeholder.svg"},{"@type":"BreadcrumbList","@id":"https:\/\/najaroglu.com\/tr\/contact\/#breadcrumb","itemListElement":[{"@type":"ListItem","position":1,"name":"Home","item":"https:\/\/najaroglu.com\/tr\/"},{"@type":"ListItem","position":2,"name":"ileti\u015fim"}]},{"@type":"WebSite","@id":"https:\/\/najaroglu.com\/#website","url":"https:\/\/najaroglu.com\/","name":"Najaroglu","description":"najaroglu","publisher":{"@id":"https:\/\/najaroglu.com\/#organization"},"potentialAction":[{"@type":"SearchAction","target":{"@type":"EntryPoint","urlTemplate":"https:\/\/najaroglu.com\/?s={search_term_string}"},"query-input":{"@type":"PropertyValueSpecification","valueRequired":true,"valueName":"search_term_string"}}],"inLanguage":"tr"},{"@type":"Organization","@id":"https:\/\/najaroglu.com\/#organization","name":"Najaroglu","url":"https:\/\/najaroglu.com\/","logo":{"@type":"ImageObject","inLanguage":"tr","@id":"https:\/\/najaroglu.com\/#\/schema\/logo\/image\/","url":"https:\/\/najaroglu.com\/wp-content\/uploads\/2023\/11\/najar-logo.svg","contentUrl":"https:\/\/najaroglu.com\/wp-content\/uploads\/2023\/11\/najar-logo.svg","width":200,"height":80,"caption":"Najaroglu"},"image":{"@id":"https:\/\/najaroglu.com\/#\/schema\/logo\/image\/"},"sameAs":["https:\/\/www.facebook.com\/najaroglu.k","https:\/\/www.instagram.com\/najaroglu.k\/"]}]}},"_links":{"self":[{"href":"https:\/\/najaroglu.com\/tr\/wp-json\/wp\/v2\/pages\/1619","targetHints":{"allow":["GET"]}}],"collection":[{"href":"https:\/\/najaroglu.com\/tr\/wp-json\/wp\/v2\/pages"}],"about":[{"href":"https:\/\/najaroglu.com\/tr\/wp-json\/wp\/v2\/types\/page"}],"author":[{"embeddable":true,"href":"https:\/\/najaroglu.com\/tr\/wp-json\/wp\/v2\/users\/1"}],"replies":[{"embeddable":true,"href":"https:\/\/najaroglu.com\/tr\/wp-json\/wp\/v2\/comments?post=1619"}],"version-history":[{"count":0,"href":"https:\/\/najaroglu.com\/tr\/wp-json\/wp\/v2\/pages\/1619\/revisions"}],"wp:attachment":[{"href":"https:\/\/najaroglu.com\/tr\/wp-json\/wp\/v2\/media?parent=1619"}],"curies":[{"name":"wp","href":"https:\/\/api.w.org\/{rel}","templated":true}]}}